{"id":439,"date":"2023-05-17T13:10:39","date_gmt":"2023-05-17T13:10:39","guid":{"rendered":"https:\/\/institutoveterinariomediterraneo.com\/?page_id=439"},"modified":"2023-05-17T13:13:15","modified_gmt":"2023-05-17T13:13:15","slug":"falta-de-acicalamiento","status":"publish","type":"page","link":"https:\/\/institutoveterinariomediterraneo.com\/va\/falta-de-acicalamiento\/","title":{"rendered":"Manca d&#039;empolainament"},"content":{"rendered":"","protected":false},"excerpt":{"rendered":"","protected":false},"author":1,"featured_media":0,"parent":0,"menu_order":0,"comment_status":"closed","ping_status":"closed","template":"","meta":{"_acf_changed":false,"footnotes":""},"class_list":["post-439","page","type-page","status-publish","hentry"],"acf":[],"yoast_head":"<!-- This site is optimized with the Yoast SEO plugin v26.8 - https:\/\/yoast.com\/product\/yoast-seo-wordpress\/ -->\n<title>Falta de acicalamiento - IVeM Valencia<\/title>\n<meta name=\"robots\" content=\"index, follow, max-snippet:-1, max-image-preview:large, max-video-preview:-1\" \/>\n<link rel=\"canonical\" href=\"https:\/\/institutoveterinariomediterraneo.com\/va\/2023\/falta-de-acicalamiento\/\" \/>\n<meta property=\"og:locale\" content=\"es_ES\" \/>\n<meta property=\"og:type\" content=\"article\" \/>\n<meta property=\"og:title\" content=\"Falta de acicalamiento - IVeM Valencia\" \/>\n<meta property=\"og:url\" content=\"https:\/\/institutoveterinariomediterraneo.com\/va\/2023\/falta-de-acicalamiento\/\" \/>\n<meta property=\"og:site_name\" content=\"IVeM Valencia\" \/>\n<meta property=\"article:modified_time\" content=\"2023-05-17T13:13:15+00:00\" \/>\n<meta name=\"twitter:card\" content=\"summary_large_image\" \/>\n<script type=\"application\/ld+json\" class=\"yoast-schema-graph\">{\"@context\":\"https:\/\/schema.org\",\"@graph\":[{\"@type\":\"WebPage\",\"@id\":\"https:\/\/institutoveterinariomediterraneo.com\/2023\/falta-de-acicalamiento\/\",\"url\":\"https:\/\/institutoveterinariomediterraneo.com\/2023\/falta-de-acicalamiento\/\",\"name\":\"Falta de acicalamiento - IVeM Valencia\",\"isPartOf\":{\"@id\":\"https:\/\/institutoveterinariomediterraneo.com\/#website\"},\"datePublished\":\"2023-05-17T13:10:39+00:00\",\"dateModified\":\"2023-05-17T13:13:15+00:00\",\"inLanguage\":\"es-ES\",\"potentialAction\":[{\"@type\":\"ReadAction\",\"target\":[\"https:\/\/institutoveterinariomediterraneo.com\/2023\/falta-de-acicalamiento\/\"]}]},{\"@type\":\"WebSite\",\"@id\":\"https:\/\/institutoveterinariomediterraneo.com\/#website\",\"url\":\"https:\/\/institutoveterinariomediterraneo.com\/\",\"name\":\"IVeM Valencia\",\"description\":\"Cl\u00ednica especializada en odontolog\u00eda y oftalmolog\u00eda canina y felina\",\"potentialAction\":[{\"@type\":\"SearchAction\",\"target\":{\"@type\":\"EntryPoint\",\"urlTemplate\":\"https:\/\/institutoveterinariomediterraneo.com\/?s={search_term_string}\"},\"query-input\":{\"@type\":\"PropertyValueSpecification\",\"valueRequired\":true,\"valueName\":\"search_term_string\"}}],\"inLanguage\":\"es-ES\"}]}<\/script>\n<!-- \/ Yoast SEO plugin. -->","yoast_head_json":{"title":"Falta de acicalamiento - IVeM Valencia","robots":{"index":"index","follow":"follow","max-snippet":"max-snippet:-1","max-image-preview":"max-image-preview:large","max-video-preview":"max-video-preview:-1"},"canonical":"https:\/\/institutoveterinariomediterraneo.com\/va\/2023\/falta-de-acicalamiento\/","og_locale":"es_ES","og_type":"article","og_title":"Falta de acicalamiento - IVeM Valencia","og_url":"https:\/\/institutoveterinariomediterraneo.com\/va\/2023\/falta-de-acicalamiento\/","og_site_name":"IVeM Valencia","article_modified_time":"2023-05-17T13:13:15+00:00","twitter_card":"summary_large_image","schema":{"@context":"https:\/\/schema.org","@graph":[{"@type":"WebPage","@id":"https:\/\/institutoveterinariomediterraneo.com\/2023\/falta-de-acicalamiento\/","url":"https:\/\/institutoveterinariomediterraneo.com\/2023\/falta-de-acicalamiento\/","name":"Falta de acicalamiento - IVeM Valencia","isPartOf":{"@id":"https:\/\/institutoveterinariomediterraneo.com\/#website"},"datePublished":"2023-05-17T13:10:39+00:00","dateModified":"2023-05-17T13:13:15+00:00","inLanguage":"es-ES","potentialAction":[{"@type":"ReadAction","target":["https:\/\/institutoveterinariomediterraneo.com\/2023\/falta-de-acicalamiento\/"]}]},{"@type":"WebSite","@id":"https:\/\/institutoveterinariomediterraneo.com\/#website","url":"https:\/\/institutoveterinariomediterraneo.com\/","name":"IVeM Val\u00e8ncia","description":"Cl\u00ednica especialitzada en odontologia i oftalmologia canina i felina","potentialAction":[{"@type":"SearchAction","target":{"@type":"EntryPoint","urlTemplate":"https:\/\/institutoveterinariomediterraneo.com\/?s={search_term_string}"},"query-input":{"@type":"PropertyValueSpecification","valueRequired":true,"valueName":"search_term_string"}}],"inLanguage":"es-ES"}]}},"_links":{"self":[{"href":"https:\/\/institutoveterinariomediterraneo.com\/va\/wp-json\/wp\/v2\/pages\/439","targetHints":{"allow":["GET"]}}],"collection":[{"href":"https:\/\/institutoveterinariomediterraneo.com\/va\/wp-json\/wp\/v2\/pages"}],"about":[{"href":"https:\/\/institutoveterinariomediterraneo.com\/va\/wp-json\/wp\/v2\/types\/page"}],"author":[{"embeddable":true,"href":"https:\/\/institutoveterinariomediterraneo.com\/va\/wp-json\/wp\/v2\/users\/1"}],"replies":[{"embeddable":true,"href":"https:\/\/institutoveterinariomediterraneo.com\/va\/wp-json\/wp\/v2\/comments?post=439"}],"version-history":[{"count":1,"href":"https:\/\/institutoveterinariomediterraneo.com\/va\/wp-json\/wp\/v2\/pages\/439\/revisions"}],"predecessor-version":[{"id":454,"href":"https:\/\/institutoveterinariomediterraneo.com\/va\/wp-json\/wp\/v2\/pages\/439\/revisions\/454"}],"wp:attachment":[{"href":"https:\/\/institutoveterinariomediterraneo.com\/va\/wp-json\/wp\/v2\/media?parent=439"}],"curies":[{"name":"wp","href":"https:\/\/api.w.org\/{rel}","templated":true}]}}