{"id":437,"date":"2023-05-17T13:10:34","date_gmt":"2023-05-17T13:10:34","guid":{"rendered":"https:\/\/institutoveterinariomediterraneo.com\/?page_id=437"},"modified":"2023-05-17T13:13:19","modified_gmt":"2023-05-17T13:13:19","slug":"mayor-tiempo-de-reposo","status":"publish","type":"page","link":"https:\/\/institutoveterinariomediterraneo.com\/va\/mayor-tiempo-de-reposo\/","title":{"rendered":"Major temps de rep\u00f2s"},"content":{"rendered":"","protected":false},"excerpt":{"rendered":"","protected":false},"author":1,"featured_media":0,"parent":0,"menu_order":0,"comment_status":"closed","ping_status":"closed","template":"","meta":{"_acf_changed":false,"footnotes":""},"class_list":["post-437","page","type-page","status-publish","hentry"],"acf":[],"yoast_head":"<!-- This site is optimized with the Yoast SEO plugin v26.8 - https:\/\/yoast.com\/product\/yoast-seo-wordpress\/ -->\n<title>Mayor tiempo de reposo - IVeM Valencia<\/title>\n<meta name=\"robots\" content=\"index, follow, max-snippet:-1, max-image-preview:large, max-video-preview:-1\" \/>\n<link rel=\"canonical\" href=\"https:\/\/institutoveterinariomediterraneo.com\/va\/2023\/mayor-tiempo-de-reposo\/\" \/>\n<meta property=\"og:locale\" content=\"es_ES\" \/>\n<meta property=\"og:type\" content=\"article\" \/>\n<meta property=\"og:title\" content=\"Mayor tiempo de reposo - IVeM Valencia\" \/>\n<meta property=\"og:url\" content=\"https:\/\/institutoveterinariomediterraneo.com\/va\/2023\/mayor-tiempo-de-reposo\/\" \/>\n<meta property=\"og:site_name\" content=\"IVeM Valencia\" \/>\n<meta property=\"article:modified_time\" content=\"2023-05-17T13:13:19+00:00\" \/>\n<meta name=\"twitter:card\" content=\"summary_large_image\" \/>\n<script type=\"application\/ld+json\" class=\"yoast-schema-graph\">{\"@context\":\"https:\/\/schema.org\",\"@graph\":[{\"@type\":\"WebPage\",\"@id\":\"https:\/\/institutoveterinariomediterraneo.com\/2023\/mayor-tiempo-de-reposo\/\",\"url\":\"https:\/\/institutoveterinariomediterraneo.com\/2023\/mayor-tiempo-de-reposo\/\",\"name\":\"Mayor tiempo de reposo - IVeM Valencia\",\"isPartOf\":{\"@id\":\"https:\/\/institutoveterinariomediterraneo.com\/#website\"},\"datePublished\":\"2023-05-17T13:10:34+00:00\",\"dateModified\":\"2023-05-17T13:13:19+00:00\",\"inLanguage\":\"es-ES\",\"potentialAction\":[{\"@type\":\"ReadAction\",\"target\":[\"https:\/\/institutoveterinariomediterraneo.com\/2023\/mayor-tiempo-de-reposo\/\"]}]},{\"@type\":\"WebSite\",\"@id\":\"https:\/\/institutoveterinariomediterraneo.com\/#website\",\"url\":\"https:\/\/institutoveterinariomediterraneo.com\/\",\"name\":\"IVeM Valencia\",\"description\":\"Cl\u00ednica especializada en odontolog\u00eda y oftalmolog\u00eda canina y felina\",\"potentialAction\":[{\"@type\":\"SearchAction\",\"target\":{\"@type\":\"EntryPoint\",\"urlTemplate\":\"https:\/\/institutoveterinariomediterraneo.com\/?s={search_term_string}\"},\"query-input\":{\"@type\":\"PropertyValueSpecification\",\"valueRequired\":true,\"valueName\":\"search_term_string\"}}],\"inLanguage\":\"es-ES\"}]}<\/script>\n<!-- \/ Yoast SEO plugin. -->","yoast_head_json":{"title":"Mayor tiempo de reposo - IVeM Valencia","robots":{"index":"index","follow":"follow","max-snippet":"max-snippet:-1","max-image-preview":"max-image-preview:large","max-video-preview":"max-video-preview:-1"},"canonical":"https:\/\/institutoveterinariomediterraneo.com\/va\/2023\/mayor-tiempo-de-reposo\/","og_locale":"es_ES","og_type":"article","og_title":"Mayor tiempo de reposo - IVeM Valencia","og_url":"https:\/\/institutoveterinariomediterraneo.com\/va\/2023\/mayor-tiempo-de-reposo\/","og_site_name":"IVeM Valencia","article_modified_time":"2023-05-17T13:13:19+00:00","twitter_card":"summary_large_image","schema":{"@context":"https:\/\/schema.org","@graph":[{"@type":"WebPage","@id":"https:\/\/institutoveterinariomediterraneo.com\/2023\/mayor-tiempo-de-reposo\/","url":"https:\/\/institutoveterinariomediterraneo.com\/2023\/mayor-tiempo-de-reposo\/","name":"Mayor tiempo de reposo - IVeM Valencia","isPartOf":{"@id":"https:\/\/institutoveterinariomediterraneo.com\/#website"},"datePublished":"2023-05-17T13:10:34+00:00","dateModified":"2023-05-17T13:13:19+00:00","inLanguage":"es-ES","potentialAction":[{"@type":"ReadAction","target":["https:\/\/institutoveterinariomediterraneo.com\/2023\/mayor-tiempo-de-reposo\/"]}]},{"@type":"WebSite","@id":"https:\/\/institutoveterinariomediterraneo.com\/#website","url":"https:\/\/institutoveterinariomediterraneo.com\/","name":"IVeM Val\u00e8ncia","description":"Cl\u00ednica especialitzada en odontologia i oftalmologia canina i felina","potentialAction":[{"@type":"SearchAction","target":{"@type":"EntryPoint","urlTemplate":"https:\/\/institutoveterinariomediterraneo.com\/?s={search_term_string}"},"query-input":{"@type":"PropertyValueSpecification","valueRequired":true,"valueName":"search_term_string"}}],"inLanguage":"es-ES"}]}},"_links":{"self":[{"href":"https:\/\/institutoveterinariomediterraneo.com\/va\/wp-json\/wp\/v2\/pages\/437","targetHints":{"allow":["GET"]}}],"collection":[{"href":"https:\/\/institutoveterinariomediterraneo.com\/va\/wp-json\/wp\/v2\/pages"}],"about":[{"href":"https:\/\/institutoveterinariomediterraneo.com\/va\/wp-json\/wp\/v2\/types\/page"}],"author":[{"embeddable":true,"href":"https:\/\/institutoveterinariomediterraneo.com\/va\/wp-json\/wp\/v2\/users\/1"}],"replies":[{"embeddable":true,"href":"https:\/\/institutoveterinariomediterraneo.com\/va\/wp-json\/wp\/v2\/comments?post=437"}],"version-history":[{"count":1,"href":"https:\/\/institutoveterinariomediterraneo.com\/va\/wp-json\/wp\/v2\/pages\/437\/revisions"}],"predecessor-version":[{"id":456,"href":"https:\/\/institutoveterinariomediterraneo.com\/va\/wp-json\/wp\/v2\/pages\/437\/revisions\/456"}],"wp:attachment":[{"href":"https:\/\/institutoveterinariomediterraneo.com\/va\/wp-json\/wp\/v2\/media?parent=437"}],"curies":[{"name":"wp","href":"https:\/\/api.w.org\/{rel}","templated":true}]}}