{"id":303,"date":"2023-05-17T12:43:18","date_gmt":"2023-05-17T12:43:18","guid":{"rendered":"https:\/\/institutoveterinariomediterraneo.com\/?page_id=303"},"modified":"2025-12-29T15:15:03","modified_gmt":"2025-12-29T15:15:03","slug":"citologia-odontologica","status":"publish","type":"page","link":"https:\/\/institutoveterinariomediterraneo.com\/va\/citologia-odontologica\/","title":{"rendered":"Citologia odontol\u00f2gica"},"content":{"rendered":"","protected":false},"excerpt":{"rendered":"","protected":false},"author":1,"featured_media":0,"parent":0,"menu_order":0,"comment_status":"closed","ping_status":"closed","template":"","meta":{"_acf_changed":false,"footnotes":""},"class_list":["post-303","page","type-page","status-publish","hentry"],"acf":[],"yoast_head":"<!-- This site is optimized with the Yoast SEO plugin v26.8 - https:\/\/yoast.com\/product\/yoast-seo-wordpress\/ -->\n<title>Citolog\u00eda odontol\u00f3gica - IVeM Valencia<\/title>\n<meta name=\"description\" content=\"T\u00e9cnica diagn\u00f3stica basada en el estudio a nivel microsc\u00f3pico de c\u00e9lulas o microorganismos presentes en la cavidad oral.\" \/>\n<meta name=\"robots\" content=\"index, follow, max-snippet:-1, max-image-preview:large, max-video-preview:-1\" \/>\n<link rel=\"canonical\" href=\"https:\/\/institutoveterinariomediterraneo.com\/va\/citologia-odontologica\/\" \/>\n<meta property=\"og:locale\" content=\"es_ES\" \/>\n<meta property=\"og:type\" content=\"article\" \/>\n<meta property=\"og:title\" content=\"Citolog\u00eda odontol\u00f3gica - IVeM Valencia\" \/>\n<meta property=\"og:description\" content=\"T\u00e9cnica diagn\u00f3stica basada en el estudio a nivel microsc\u00f3pico de c\u00e9lulas o microorganismos presentes en la cavidad oral.\" \/>\n<meta property=\"og:url\" content=\"https:\/\/institutoveterinariomediterraneo.com\/va\/citologia-odontologica\/\" \/>\n<meta property=\"og:site_name\" content=\"IVeM Valencia\" \/>\n<meta property=\"article:modified_time\" content=\"2025-12-29T15:15:03+00:00\" \/>\n<meta name=\"twitter:card\" content=\"summary_large_image\" \/>\n<meta name=\"twitter:label1\" content=\"Est. reading time\" \/>\n\t<meta name=\"twitter:data1\" content=\"3 minutes\" \/>\n<script type=\"application\/ld+json\" class=\"yoast-schema-graph\">{\"@context\":\"https:\/\/schema.org\",\"@graph\":[{\"@type\":\"WebPage\",\"@id\":\"https:\/\/institutoveterinariomediterraneo.com\/citologia-odontologica\/\",\"url\":\"https:\/\/institutoveterinariomediterraneo.com\/citologia-odontologica\/\",\"name\":\"Citolog\u00eda odontol\u00f3gica - IVeM Valencia\",\"isPartOf\":{\"@id\":\"https:\/\/institutoveterinariomediterraneo.com\/#website\"},\"datePublished\":\"2023-05-17T12:43:18+00:00\",\"dateModified\":\"2025-12-29T15:15:03+00:00\",\"description\":\"T\u00e9cnica diagn\u00f3stica basada en el estudio a nivel microsc\u00f3pico de c\u00e9lulas o microorganismos presentes en la cavidad oral.\",\"inLanguage\":\"es-ES\",\"potentialAction\":[{\"@type\":\"ReadAction\",\"target\":[\"https:\/\/institutoveterinariomediterraneo.com\/citologia-odontologica\/\"]}]},{\"@type\":\"WebSite\",\"@id\":\"https:\/\/institutoveterinariomediterraneo.com\/#website\",\"url\":\"https:\/\/institutoveterinariomediterraneo.com\/\",\"name\":\"IVeM Valencia\",\"description\":\"Cl\u00ednica especializada en odontolog\u00eda y oftalmolog\u00eda canina y felina\",\"potentialAction\":[{\"@type\":\"SearchAction\",\"target\":{\"@type\":\"EntryPoint\",\"urlTemplate\":\"https:\/\/institutoveterinariomediterraneo.com\/?s={search_term_string}\"},\"query-input\":{\"@type\":\"PropertyValueSpecification\",\"valueRequired\":true,\"valueName\":\"search_term_string\"}}],\"inLanguage\":\"es-ES\"}]}<\/script>\n<!-- \/ Yoast SEO plugin. -->","yoast_head_json":{"title":"Citolog\u00eda odontol\u00f3gica - IVeM Valencia","description":"T\u00e9cnica diagn\u00f3stica basada en el estudio a nivel microsc\u00f3pico de c\u00e9lulas o microorganismos presentes en la cavidad oral.","robots":{"index":"index","follow":"follow","max-snippet":"max-snippet:-1","max-image-preview":"max-image-preview:large","max-video-preview":"max-video-preview:-1"},"canonical":"https:\/\/institutoveterinariomediterraneo.com\/va\/citologia-odontologica\/","og_locale":"es_ES","og_type":"article","og_title":"Citolog\u00eda odontol\u00f3gica - IVeM Valencia","og_description":"T\u00e9cnica diagn\u00f3stica basada en el estudio a nivel microsc\u00f3pico de c\u00e9lulas o microorganismos presentes en la cavidad oral.","og_url":"https:\/\/institutoveterinariomediterraneo.com\/va\/citologia-odontologica\/","og_site_name":"IVeM Valencia","article_modified_time":"2025-12-29T15:15:03+00:00","twitter_card":"summary_large_image","twitter_misc":{"Est. reading time":"3 minutes"},"schema":{"@context":"https:\/\/schema.org","@graph":[{"@type":"WebPage","@id":"https:\/\/institutoveterinariomediterraneo.com\/citologia-odontologica\/","url":"https:\/\/institutoveterinariomediterraneo.com\/citologia-odontologica\/","name":"Citolog\u00eda odontol\u00f3gica - IVeM Valencia","isPartOf":{"@id":"https:\/\/institutoveterinariomediterraneo.com\/#website"},"datePublished":"2023-05-17T12:43:18+00:00","dateModified":"2025-12-29T15:15:03+00:00","description":"T\u00e9cnica diagn\u00f3stica basada en el estudio a nivel microsc\u00f3pico de c\u00e9lulas o microorganismos presentes en la cavidad oral.","inLanguage":"es-ES","potentialAction":[{"@type":"ReadAction","target":["https:\/\/institutoveterinariomediterraneo.com\/citologia-odontologica\/"]}]},{"@type":"WebSite","@id":"https:\/\/institutoveterinariomediterraneo.com\/#website","url":"https:\/\/institutoveterinariomediterraneo.com\/","name":"IVeM Val\u00e8ncia","description":"Cl\u00ednica especialitzada en odontologia i oftalmologia canina i felina","potentialAction":[{"@type":"SearchAction","target":{"@type":"EntryPoint","urlTemplate":"https:\/\/institutoveterinariomediterraneo.com\/?s={search_term_string}"},"query-input":{"@type":"PropertyValueSpecification","valueRequired":true,"valueName":"search_term_string"}}],"inLanguage":"es-ES"}]}},"_links":{"self":[{"href":"https:\/\/institutoveterinariomediterraneo.com\/va\/wp-json\/wp\/v2\/pages\/303","targetHints":{"allow":["GET"]}}],"collection":[{"href":"https:\/\/institutoveterinariomediterraneo.com\/va\/wp-json\/wp\/v2\/pages"}],"about":[{"href":"https:\/\/institutoveterinariomediterraneo.com\/va\/wp-json\/wp\/v2\/types\/page"}],"author":[{"embeddable":true,"href":"https:\/\/institutoveterinariomediterraneo.com\/va\/wp-json\/wp\/v2\/users\/1"}],"replies":[{"embeddable":true,"href":"https:\/\/institutoveterinariomediterraneo.com\/va\/wp-json\/wp\/v2\/comments?post=303"}],"version-history":[{"count":3,"href":"https:\/\/institutoveterinariomediterraneo.com\/va\/wp-json\/wp\/v2\/pages\/303\/revisions"}],"predecessor-version":[{"id":1969,"href":"https:\/\/institutoveterinariomediterraneo.com\/va\/wp-json\/wp\/v2\/pages\/303\/revisions\/1969"}],"wp:attachment":[{"href":"https:\/\/institutoveterinariomediterraneo.com\/va\/wp-json\/wp\/v2\/media?parent=303"}],"curies":[{"name":"wp","href":"https:\/\/api.w.org\/{rel}","templated":true}]}}