{"id":318,"date":"2023-05-17T12:47:28","date_gmt":"2023-05-17T12:47:28","guid":{"rendered":"https:\/\/institutoveterinariomediterraneo.com\/?page_id=318"},"modified":"2025-12-29T13:57:25","modified_gmt":"2025-12-29T13:57:25","slug":"cataratas","status":"publish","type":"page","link":"https:\/\/institutoveterinariomediterraneo.com\/ru\/cataratas\/","title":{"rendered":"\u0412\u043e\u0434\u043e\u043f\u0430\u0434\u044b"},"content":{"rendered":"","protected":false},"excerpt":{"rendered":"","protected":false},"author":1,"featured_media":0,"parent":0,"menu_order":0,"comment_status":"closed","ping_status":"closed","template":"","meta":{"_acf_changed":false,"footnotes":""},"class_list":["post-318","page","type-page","status-publish","hentry"],"acf":[],"yoast_head":"<!-- This site is optimized with the Yoast SEO plugin v26.8 - https:\/\/yoast.com\/product\/yoast-seo-wordpress\/ -->\n<title>Cataratas - IVeM Valencia<\/title>\n<meta name=\"description\" content=\"La catarata implica un cambio de transparencia del cristalino. IVEM - Instituto Veterinario Mediterraneo en Valencia.\" \/>\n<meta name=\"robots\" content=\"index, follow, max-snippet:-1, max-image-preview:large, max-video-preview:-1\" \/>\n<link rel=\"canonical\" href=\"https:\/\/institutoveterinariomediterraneo.com\/ru\/cataratas\/\" \/>\n<meta property=\"og:locale\" content=\"es_ES\" \/>\n<meta property=\"og:type\" content=\"article\" \/>\n<meta property=\"og:title\" content=\"Cataratas - IVeM Valencia\" \/>\n<meta property=\"og:description\" content=\"La catarata implica un cambio de transparencia del cristalino. IVEM - Instituto Veterinario Mediterraneo en Valencia.\" \/>\n<meta property=\"og:url\" content=\"https:\/\/institutoveterinariomediterraneo.com\/ru\/cataratas\/\" \/>\n<meta property=\"og:site_name\" content=\"IVeM Valencia\" \/>\n<meta property=\"article:modified_time\" content=\"2025-12-29T13:57:25+00:00\" \/>\n<meta name=\"twitter:card\" content=\"summary_large_image\" \/>\n<meta name=\"twitter:label1\" content=\"Est. reading time\" \/>\n\t<meta name=\"twitter:data1\" content=\"3 minutes\" \/>\n<script type=\"application\/ld+json\" class=\"yoast-schema-graph\">{\"@context\":\"https:\/\/schema.org\",\"@graph\":[{\"@type\":\"WebPage\",\"@id\":\"https:\/\/institutoveterinariomediterraneo.com\/cataratas\/\",\"url\":\"https:\/\/institutoveterinariomediterraneo.com\/cataratas\/\",\"name\":\"Cataratas - IVeM Valencia\",\"isPartOf\":{\"@id\":\"https:\/\/institutoveterinariomediterraneo.com\/#website\"},\"datePublished\":\"2023-05-17T12:47:28+00:00\",\"dateModified\":\"2025-12-29T13:57:25+00:00\",\"description\":\"La catarata implica un cambio de transparencia del cristalino. IVEM - Instituto Veterinario Mediterraneo en Valencia.\",\"inLanguage\":\"es-ES\",\"potentialAction\":[{\"@type\":\"ReadAction\",\"target\":[\"https:\/\/institutoveterinariomediterraneo.com\/cataratas\/\"]}]},{\"@type\":\"WebSite\",\"@id\":\"https:\/\/institutoveterinariomediterraneo.com\/#website\",\"url\":\"https:\/\/institutoveterinariomediterraneo.com\/\",\"name\":\"IVeM Valencia\",\"description\":\"Cl\u00ednica especializada en odontolog\u00eda y oftalmolog\u00eda canina y felina\",\"potentialAction\":[{\"@type\":\"SearchAction\",\"target\":{\"@type\":\"EntryPoint\",\"urlTemplate\":\"https:\/\/institutoveterinariomediterraneo.com\/?s={search_term_string}\"},\"query-input\":{\"@type\":\"PropertyValueSpecification\",\"valueRequired\":true,\"valueName\":\"search_term_string\"}}],\"inLanguage\":\"es-ES\"}]}<\/script>\n<!-- \/ Yoast SEO plugin. -->","yoast_head_json":{"title":"Cataratas - IVeM Valencia","description":"La catarata implica un cambio de transparencia del cristalino. IVEM - Instituto Veterinario Mediterraneo en Valencia.","robots":{"index":"index","follow":"follow","max-snippet":"max-snippet:-1","max-image-preview":"max-image-preview:large","max-video-preview":"max-video-preview:-1"},"canonical":"https:\/\/institutoveterinariomediterraneo.com\/ru\/cataratas\/","og_locale":"es_ES","og_type":"article","og_title":"Cataratas - IVeM Valencia","og_description":"La catarata implica un cambio de transparencia del cristalino. IVEM - Instituto Veterinario Mediterraneo en Valencia.","og_url":"https:\/\/institutoveterinariomediterraneo.com\/ru\/cataratas\/","og_site_name":"IVeM Valencia","article_modified_time":"2025-12-29T13:57:25+00:00","twitter_card":"summary_large_image","twitter_misc":{"Est. reading time":"3 minutes"},"schema":{"@context":"https:\/\/schema.org","@graph":[{"@type":"WebPage","@id":"https:\/\/institutoveterinariomediterraneo.com\/cataratas\/","url":"https:\/\/institutoveterinariomediterraneo.com\/cataratas\/","name":"Cataratas - IVeM Valencia","isPartOf":{"@id":"https:\/\/institutoveterinariomediterraneo.com\/#website"},"datePublished":"2023-05-17T12:47:28+00:00","dateModified":"2025-12-29T13:57:25+00:00","description":"La catarata implica un cambio de transparencia del cristalino. IVEM - Instituto Veterinario Mediterraneo en Valencia.","inLanguage":"es-ES","potentialAction":[{"@type":"ReadAction","target":["https:\/\/institutoveterinariomediterraneo.com\/cataratas\/"]}]},{"@type":"WebSite","@id":"https:\/\/institutoveterinariomediterraneo.com\/#website","url":"https:\/\/institutoveterinariomediterraneo.com\/","name":"IVeM \u0412\u0430\u043b\u0435\u043d\u0441\u0438\u044f","description":"\u041a\u043b\u0438\u043d\u0438\u043a\u0430, \u0441\u043f\u0435\u0446\u0438\u0430\u043b\u0438\u0437\u0438\u0440\u0443\u044e\u0449\u0430\u044f\u0441\u044f \u043d\u0430 \u0441\u0442\u043e\u043c\u0430\u0442\u043e\u043b\u043e\u0433\u0438\u0438 \u0438 \u043e\u0444\u0442\u0430\u043b\u044c\u043c\u043e\u043b\u043e\u0433\u0438\u0438 \u0434\u043b\u044f \u0441\u043e\u0431\u0430\u043a \u0438 \u043a\u043e\u0448\u0435\u043a.","potentialAction":[{"@type":"SearchAction","target":{"@type":"EntryPoint","urlTemplate":"https:\/\/institutoveterinariomediterraneo.com\/?s={search_term_string}"},"query-input":{"@type":"PropertyValueSpecification","valueRequired":true,"valueName":"search_term_string"}}],"inLanguage":"es-ES"}]}},"_links":{"self":[{"href":"https:\/\/institutoveterinariomediterraneo.com\/ru\/wp-json\/wp\/v2\/pages\/318","targetHints":{"allow":["GET"]}}],"collection":[{"href":"https:\/\/institutoveterinariomediterraneo.com\/ru\/wp-json\/wp\/v2\/pages"}],"about":[{"href":"https:\/\/institutoveterinariomediterraneo.com\/ru\/wp-json\/wp\/v2\/types\/page"}],"author":[{"embeddable":true,"href":"https:\/\/institutoveterinariomediterraneo.com\/ru\/wp-json\/wp\/v2\/users\/1"}],"replies":[{"embeddable":true,"href":"https:\/\/institutoveterinariomediterraneo.com\/ru\/wp-json\/wp\/v2\/comments?post=318"}],"version-history":[{"count":6,"href":"https:\/\/institutoveterinariomediterraneo.com\/ru\/wp-json\/wp\/v2\/pages\/318\/revisions"}],"predecessor-version":[{"id":1923,"href":"https:\/\/institutoveterinariomediterraneo.com\/ru\/wp-json\/wp\/v2\/pages\/318\/revisions\/1923"}],"wp:attachment":[{"href":"https:\/\/institutoveterinariomediterraneo.com\/ru\/wp-json\/wp\/v2\/media?parent=318"}],"curies":[{"name":"wp","href":"https:\/\/api.w.org\/{rel}","templated":true}]}}