{"id":247,"date":"2023-05-17T12:28:45","date_gmt":"2023-05-17T12:28:45","guid":{"rendered":"https:\/\/institutoveterinariomediterraneo.com\/?page_id=247"},"modified":"2025-12-29T15:05:46","modified_gmt":"2025-12-29T15:05:46","slug":"caries","status":"publish","type":"page","link":"https:\/\/institutoveterinariomediterraneo.com\/ru\/caries\/","title":{"rendered":"\u041a\u0430\u0440\u0438\u0435\u0441"},"content":{"rendered":"","protected":false},"excerpt":{"rendered":"","protected":false},"author":1,"featured_media":0,"parent":0,"menu_order":0,"comment_status":"closed","ping_status":"closed","template":"","meta":{"_acf_changed":false,"footnotes":""},"class_list":["post-247","page","type-page","status-publish","hentry"],"acf":[],"yoast_head":"<!-- This site is optimized with the Yoast SEO plugin v26.8 - https:\/\/yoast.com\/product\/yoast-seo-wordpress\/ -->\n<title>Caries - IVeM Valencia<\/title>\n<meta name=\"description\" content=\"La caries es una enfermedad poco frecuente en perros que consiste en una desmineralizaci\u00f3n y destrucci\u00f3n del tejido dental duro.\" \/>\n<meta name=\"robots\" content=\"index, follow, max-snippet:-1, max-image-preview:large, max-video-preview:-1\" \/>\n<link rel=\"canonical\" href=\"https:\/\/institutoveterinariomediterraneo.com\/ru\/caries\/\" \/>\n<meta property=\"og:locale\" content=\"es_ES\" \/>\n<meta property=\"og:type\" content=\"article\" \/>\n<meta property=\"og:title\" content=\"Caries - IVeM Valencia\" \/>\n<meta property=\"og:description\" content=\"La caries es una enfermedad poco frecuente en perros que consiste en una desmineralizaci\u00f3n y destrucci\u00f3n del tejido dental duro.\" \/>\n<meta property=\"og:url\" content=\"https:\/\/institutoveterinariomediterraneo.com\/ru\/caries\/\" \/>\n<meta property=\"og:site_name\" content=\"IVeM Valencia\" \/>\n<meta property=\"article:modified_time\" content=\"2025-12-29T15:05:46+00:00\" \/>\n<meta name=\"twitter:card\" content=\"summary_large_image\" \/>\n<meta name=\"twitter:label1\" content=\"Est. reading time\" \/>\n\t<meta name=\"twitter:data1\" content=\"4 minutes\" \/>\n<script type=\"application\/ld+json\" class=\"yoast-schema-graph\">{\"@context\":\"https:\/\/schema.org\",\"@graph\":[{\"@type\":\"WebPage\",\"@id\":\"https:\/\/institutoveterinariomediterraneo.com\/caries\/\",\"url\":\"https:\/\/institutoveterinariomediterraneo.com\/caries\/\",\"name\":\"Caries - IVeM Valencia\",\"isPartOf\":{\"@id\":\"https:\/\/institutoveterinariomediterraneo.com\/#website\"},\"datePublished\":\"2023-05-17T12:28:45+00:00\",\"dateModified\":\"2025-12-29T15:05:46+00:00\",\"description\":\"La caries es una enfermedad poco frecuente en perros que consiste en una desmineralizaci\u00f3n y destrucci\u00f3n del tejido dental duro.\",\"inLanguage\":\"es-ES\",\"potentialAction\":[{\"@type\":\"ReadAction\",\"target\":[\"https:\/\/institutoveterinariomediterraneo.com\/caries\/\"]}]},{\"@type\":\"WebSite\",\"@id\":\"https:\/\/institutoveterinariomediterraneo.com\/#website\",\"url\":\"https:\/\/institutoveterinariomediterraneo.com\/\",\"name\":\"IVeM Valencia\",\"description\":\"Cl\u00ednica especializada en odontolog\u00eda y oftalmolog\u00eda canina y felina\",\"potentialAction\":[{\"@type\":\"SearchAction\",\"target\":{\"@type\":\"EntryPoint\",\"urlTemplate\":\"https:\/\/institutoveterinariomediterraneo.com\/?s={search_term_string}\"},\"query-input\":{\"@type\":\"PropertyValueSpecification\",\"valueRequired\":true,\"valueName\":\"search_term_string\"}}],\"inLanguage\":\"es-ES\"}]}<\/script>\n<!-- \/ Yoast SEO plugin. -->","yoast_head_json":{"title":"Caries - IVeM Valencia","description":"La caries es una enfermedad poco frecuente en perros que consiste en una desmineralizaci\u00f3n y destrucci\u00f3n del tejido dental duro.","robots":{"index":"index","follow":"follow","max-snippet":"max-snippet:-1","max-image-preview":"max-image-preview:large","max-video-preview":"max-video-preview:-1"},"canonical":"https:\/\/institutoveterinariomediterraneo.com\/ru\/caries\/","og_locale":"es_ES","og_type":"article","og_title":"Caries - IVeM Valencia","og_description":"La caries es una enfermedad poco frecuente en perros que consiste en una desmineralizaci\u00f3n y destrucci\u00f3n del tejido dental duro.","og_url":"https:\/\/institutoveterinariomediterraneo.com\/ru\/caries\/","og_site_name":"IVeM Valencia","article_modified_time":"2025-12-29T15:05:46+00:00","twitter_card":"summary_large_image","twitter_misc":{"Est. reading time":"4 minutes"},"schema":{"@context":"https:\/\/schema.org","@graph":[{"@type":"WebPage","@id":"https:\/\/institutoveterinariomediterraneo.com\/caries\/","url":"https:\/\/institutoveterinariomediterraneo.com\/caries\/","name":"Caries - IVeM Valencia","isPartOf":{"@id":"https:\/\/institutoveterinariomediterraneo.com\/#website"},"datePublished":"2023-05-17T12:28:45+00:00","dateModified":"2025-12-29T15:05:46+00:00","description":"La caries es una enfermedad poco frecuente en perros que consiste en una desmineralizaci\u00f3n y destrucci\u00f3n del tejido dental duro.","inLanguage":"es-ES","potentialAction":[{"@type":"ReadAction","target":["https:\/\/institutoveterinariomediterraneo.com\/caries\/"]}]},{"@type":"WebSite","@id":"https:\/\/institutoveterinariomediterraneo.com\/#website","url":"https:\/\/institutoveterinariomediterraneo.com\/","name":"IVeM \u0412\u0430\u043b\u0435\u043d\u0441\u0438\u044f","description":"\u041a\u043b\u0438\u043d\u0438\u043a\u0430, \u0441\u043f\u0435\u0446\u0438\u0430\u043b\u0438\u0437\u0438\u0440\u0443\u044e\u0449\u0430\u044f\u0441\u044f \u043d\u0430 \u0441\u0442\u043e\u043c\u0430\u0442\u043e\u043b\u043e\u0433\u0438\u0438 \u0438 \u043e\u0444\u0442\u0430\u043b\u044c\u043c\u043e\u043b\u043e\u0433\u0438\u0438 \u0434\u043b\u044f \u0441\u043e\u0431\u0430\u043a \u0438 \u043a\u043e\u0448\u0435\u043a.","potentialAction":[{"@type":"SearchAction","target":{"@type":"EntryPoint","urlTemplate":"https:\/\/institutoveterinariomediterraneo.com\/?s={search_term_string}"},"query-input":{"@type":"PropertyValueSpecification","valueRequired":true,"valueName":"search_term_string"}}],"inLanguage":"es-ES"}]}},"_links":{"self":[{"href":"https:\/\/institutoveterinariomediterraneo.com\/ru\/wp-json\/wp\/v2\/pages\/247","targetHints":{"allow":["GET"]}}],"collection":[{"href":"https:\/\/institutoveterinariomediterraneo.com\/ru\/wp-json\/wp\/v2\/pages"}],"about":[{"href":"https:\/\/institutoveterinariomediterraneo.com\/ru\/wp-json\/wp\/v2\/types\/page"}],"author":[{"embeddable":true,"href":"https:\/\/institutoveterinariomediterraneo.com\/ru\/wp-json\/wp\/v2\/users\/1"}],"replies":[{"embeddable":true,"href":"https:\/\/institutoveterinariomediterraneo.com\/ru\/wp-json\/wp\/v2\/comments?post=247"}],"version-history":[{"count":5,"href":"https:\/\/institutoveterinariomediterraneo.com\/ru\/wp-json\/wp\/v2\/pages\/247\/revisions"}],"predecessor-version":[{"id":1955,"href":"https:\/\/institutoveterinariomediterraneo.com\/ru\/wp-json\/wp\/v2\/pages\/247\/revisions\/1955"}],"wp:attachment":[{"href":"https:\/\/institutoveterinariomediterraneo.com\/ru\/wp-json\/wp\/v2\/media?parent=247"}],"curies":[{"name":"wp","href":"https:\/\/api.w.org\/{rel}","templated":true}]}}