{"id":1341,"date":"2023-05-17T12:28:32","date_gmt":"2023-05-17T12:28:32","guid":{"rendered":"https:\/\/institutoveterinariomediterraneo.com\/hipoplasia-de-esmalte\/"},"modified":"2024-10-22T12:10:46","modified_gmt":"2024-10-22T12:10:46","slug":"enamel-hypoplasia","status":"publish","type":"page","link":"https:\/\/institutoveterinariomediterraneo.com\/en\/enamel-hypoplasia\/","title":{"rendered":"Enamel Hypoplasia"},"content":{"rendered":"","protected":false},"excerpt":{"rendered":"","protected":false},"author":1,"featured_media":0,"parent":0,"menu_order":0,"comment_status":"closed","ping_status":"closed","template":"","meta":{"_acf_changed":false,"footnotes":""},"class_list":["post-1341","page","type-page","status-publish","hentry"],"acf":[],"yoast_head":"<!-- This site is optimized with the Yoast SEO plugin v26.8 - https:\/\/yoast.com\/product\/yoast-seo-wordpress\/ -->\n<title>Enamel Hypoplasia - IVeM Valencia<\/title>\n<meta name=\"description\" content=\"Reducci\u00f3n en la cantidad de esmalte dental, lo que puede resultar en sensibilidad dental, propensi\u00f3n a la fractura dental y un aspecto anormal.\" \/>\n<meta name=\"robots\" content=\"index, follow, max-snippet:-1, max-image-preview:large, max-video-preview:-1\" \/>\n<link rel=\"canonical\" href=\"https:\/\/institutoveterinariomediterraneo.com\/en\/enamel-hypoplasia\/\" \/>\n<meta property=\"og:locale\" content=\"en_US\" \/>\n<meta property=\"og:type\" content=\"article\" \/>\n<meta property=\"og:title\" content=\"Enamel Hypoplasia - IVeM Valencia\" \/>\n<meta property=\"og:description\" content=\"Reducci\u00f3n en la cantidad de esmalte dental, lo que puede resultar en sensibilidad dental, propensi\u00f3n a la fractura dental y un aspecto anormal.\" \/>\n<meta property=\"og:url\" content=\"https:\/\/institutoveterinariomediterraneo.com\/en\/enamel-hypoplasia\/\" \/>\n<meta property=\"og:site_name\" content=\"IVeM Valencia\" \/>\n<meta property=\"article:modified_time\" content=\"2024-10-22T12:10:46+00:00\" \/>\n<meta name=\"twitter:card\" content=\"summary_large_image\" \/>\n<meta name=\"twitter:label1\" content=\"Est. reading time\" \/>\n\t<meta name=\"twitter:data1\" content=\"2 minutes\" \/>\n<script type=\"application\/ld+json\" class=\"yoast-schema-graph\">{\"@context\":\"https:\/\/schema.org\",\"@graph\":[{\"@type\":\"WebPage\",\"@id\":\"https:\/\/institutoveterinariomediterraneo.com\/en\/enamel-hypoplasia\/\",\"url\":\"https:\/\/institutoveterinariomediterraneo.com\/en\/enamel-hypoplasia\/\",\"name\":\"Enamel Hypoplasia - IVeM Valencia\",\"isPartOf\":{\"@id\":\"https:\/\/institutoveterinariomediterraneo.com\/#website\"},\"datePublished\":\"2023-05-17T12:28:32+00:00\",\"dateModified\":\"2024-10-22T12:10:46+00:00\",\"description\":\"Reducci\u00f3n en la cantidad de esmalte dental, lo que puede resultar en sensibilidad dental, propensi\u00f3n a la fractura dental y un aspecto anormal.\",\"inLanguage\":\"en-US\",\"potentialAction\":[{\"@type\":\"ReadAction\",\"target\":[\"https:\/\/institutoveterinariomediterraneo.com\/en\/enamel-hypoplasia\/\"]}]},{\"@type\":\"WebSite\",\"@id\":\"https:\/\/institutoveterinariomediterraneo.com\/#website\",\"url\":\"https:\/\/institutoveterinariomediterraneo.com\/\",\"name\":\"IVeM Valencia\",\"description\":\"Cl\u00ednica especializada en odontolog\u00eda y oftalmolog\u00eda canina y felina\",\"potentialAction\":[{\"@type\":\"SearchAction\",\"target\":{\"@type\":\"EntryPoint\",\"urlTemplate\":\"https:\/\/institutoveterinariomediterraneo.com\/?s={search_term_string}\"},\"query-input\":{\"@type\":\"PropertyValueSpecification\",\"valueRequired\":true,\"valueName\":\"search_term_string\"}}],\"inLanguage\":\"en-US\"}]}<\/script>\n<!-- \/ Yoast SEO plugin. -->","yoast_head_json":{"title":"Enamel Hypoplasia - IVeM Valencia","description":"Reducci\u00f3n en la cantidad de esmalte dental, lo que puede resultar en sensibilidad dental, propensi\u00f3n a la fractura dental y un aspecto anormal.","robots":{"index":"index","follow":"follow","max-snippet":"max-snippet:-1","max-image-preview":"max-image-preview:large","max-video-preview":"max-video-preview:-1"},"canonical":"https:\/\/institutoveterinariomediterraneo.com\/en\/enamel-hypoplasia\/","og_locale":"en_US","og_type":"article","og_title":"Enamel Hypoplasia - IVeM Valencia","og_description":"Reducci\u00f3n en la cantidad de esmalte dental, lo que puede resultar en sensibilidad dental, propensi\u00f3n a la fractura dental y un aspecto anormal.","og_url":"https:\/\/institutoveterinariomediterraneo.com\/en\/enamel-hypoplasia\/","og_site_name":"IVeM Valencia","article_modified_time":"2024-10-22T12:10:46+00:00","twitter_card":"summary_large_image","twitter_misc":{"Est. reading time":"2 minutes"},"schema":{"@context":"https:\/\/schema.org","@graph":[{"@type":"WebPage","@id":"https:\/\/institutoveterinariomediterraneo.com\/en\/enamel-hypoplasia\/","url":"https:\/\/institutoveterinariomediterraneo.com\/en\/enamel-hypoplasia\/","name":"Enamel Hypoplasia - IVeM Valencia","isPartOf":{"@id":"https:\/\/institutoveterinariomediterraneo.com\/#website"},"datePublished":"2023-05-17T12:28:32+00:00","dateModified":"2024-10-22T12:10:46+00:00","description":"Reducci\u00f3n en la cantidad de esmalte dental, lo que puede resultar en sensibilidad dental, propensi\u00f3n a la fractura dental y un aspecto anormal.","inLanguage":"en-US","potentialAction":[{"@type":"ReadAction","target":["https:\/\/institutoveterinariomediterraneo.com\/en\/enamel-hypoplasia\/"]}]},{"@type":"WebSite","@id":"https:\/\/institutoveterinariomediterraneo.com\/#website","url":"https:\/\/institutoveterinariomediterraneo.com\/","name":"IVeM Valencia","description":"Cl\u00ednica especializada en odontolog\u00eda y oftalmolog\u00eda canina y felina","potentialAction":[{"@type":"SearchAction","target":{"@type":"EntryPoint","urlTemplate":"https:\/\/institutoveterinariomediterraneo.com\/?s={search_term_string}"},"query-input":{"@type":"PropertyValueSpecification","valueRequired":true,"valueName":"search_term_string"}}],"inLanguage":"en-US"}]}},"_links":{"self":[{"href":"https:\/\/institutoveterinariomediterraneo.com\/en\/wp-json\/wp\/v2\/pages\/1341","targetHints":{"allow":["GET"]}}],"collection":[{"href":"https:\/\/institutoveterinariomediterraneo.com\/en\/wp-json\/wp\/v2\/pages"}],"about":[{"href":"https:\/\/institutoveterinariomediterraneo.com\/en\/wp-json\/wp\/v2\/types\/page"}],"author":[{"embeddable":true,"href":"https:\/\/institutoveterinariomediterraneo.com\/en\/wp-json\/wp\/v2\/users\/1"}],"replies":[{"embeddable":true,"href":"https:\/\/institutoveterinariomediterraneo.com\/en\/wp-json\/wp\/v2\/comments?post=1341"}],"version-history":[{"count":1,"href":"https:\/\/institutoveterinariomediterraneo.com\/en\/wp-json\/wp\/v2\/pages\/1341\/revisions"}],"predecessor-version":[{"id":1506,"href":"https:\/\/institutoveterinariomediterraneo.com\/en\/wp-json\/wp\/v2\/pages\/1341\/revisions\/1506"}],"wp:attachment":[{"href":"https:\/\/institutoveterinariomediterraneo.com\/en\/wp-json\/wp\/v2\/media?parent=1341"}],"curies":[{"name":"wp","href":"https:\/\/api.w.org\/{rel}","templated":true}]}}