{"id":1339,"date":"2023-05-17T12:28:43","date_gmt":"2023-05-17T12:28:43","guid":{"rendered":"https:\/\/institutoveterinariomediterraneo.com\/fistula-infraorbitaria\/"},"modified":"2024-10-22T12:10:10","modified_gmt":"2024-10-22T12:10:10","slug":"infraorbital-fistula","status":"publish","type":"page","link":"https:\/\/institutoveterinariomediterraneo.com\/en\/infraorbital-fistula\/","title":{"rendered":"Infraorbital Fistula"},"content":{"rendered":"","protected":false},"excerpt":{"rendered":"","protected":false},"author":1,"featured_media":0,"parent":0,"menu_order":0,"comment_status":"closed","ping_status":"closed","template":"","meta":{"_acf_changed":false,"footnotes":""},"class_list":["post-1339","page","type-page","status-publish","hentry"],"acf":[],"yoast_head":"<!-- This site is optimized with the Yoast SEO plugin v26.8 - https:\/\/yoast.com\/product\/yoast-seo-wordpress\/ -->\n<title>Infraorbital Fistula - IVeM Valencia<\/title>\n<meta name=\"description\" content=\"Consiste en una abertura anormal en el \u00e1rea debajo de la \u00f3rbita del ojo, a trav\u00e9s de la cual puede salir pus u otros l\u00edquidos.\" \/>\n<meta name=\"robots\" content=\"index, follow, max-snippet:-1, max-image-preview:large, max-video-preview:-1\" \/>\n<link rel=\"canonical\" href=\"https:\/\/institutoveterinariomediterraneo.com\/en\/infraorbital-fistula\/\" \/>\n<meta property=\"og:locale\" content=\"en_US\" \/>\n<meta property=\"og:type\" content=\"article\" \/>\n<meta property=\"og:title\" content=\"Infraorbital Fistula - IVeM Valencia\" \/>\n<meta property=\"og:description\" content=\"Consiste en una abertura anormal en el \u00e1rea debajo de la \u00f3rbita del ojo, a trav\u00e9s de la cual puede salir pus u otros l\u00edquidos.\" \/>\n<meta property=\"og:url\" content=\"https:\/\/institutoveterinariomediterraneo.com\/en\/infraorbital-fistula\/\" \/>\n<meta property=\"og:site_name\" content=\"IVeM Valencia\" \/>\n<meta property=\"article:modified_time\" content=\"2024-10-22T12:10:10+00:00\" \/>\n<meta name=\"twitter:card\" content=\"summary_large_image\" \/>\n<meta name=\"twitter:label1\" content=\"Est. reading time\" \/>\n\t<meta name=\"twitter:data1\" content=\"2 minutes\" \/>\n<script type=\"application\/ld+json\" class=\"yoast-schema-graph\">{\"@context\":\"https:\/\/schema.org\",\"@graph\":[{\"@type\":\"WebPage\",\"@id\":\"https:\/\/institutoveterinariomediterraneo.com\/en\/infraorbital-fistula\/\",\"url\":\"https:\/\/institutoveterinariomediterraneo.com\/en\/infraorbital-fistula\/\",\"name\":\"Infraorbital Fistula - IVeM Valencia\",\"isPartOf\":{\"@id\":\"https:\/\/institutoveterinariomediterraneo.com\/#website\"},\"datePublished\":\"2023-05-17T12:28:43+00:00\",\"dateModified\":\"2024-10-22T12:10:10+00:00\",\"description\":\"Consiste en una abertura anormal en el \u00e1rea debajo de la \u00f3rbita del ojo, a trav\u00e9s de la cual puede salir pus u otros l\u00edquidos.\",\"inLanguage\":\"en-US\",\"potentialAction\":[{\"@type\":\"ReadAction\",\"target\":[\"https:\/\/institutoveterinariomediterraneo.com\/en\/infraorbital-fistula\/\"]}]},{\"@type\":\"WebSite\",\"@id\":\"https:\/\/institutoveterinariomediterraneo.com\/#website\",\"url\":\"https:\/\/institutoveterinariomediterraneo.com\/\",\"name\":\"IVeM Valencia\",\"description\":\"Cl\u00ednica especializada en odontolog\u00eda y oftalmolog\u00eda canina y felina\",\"potentialAction\":[{\"@type\":\"SearchAction\",\"target\":{\"@type\":\"EntryPoint\",\"urlTemplate\":\"https:\/\/institutoveterinariomediterraneo.com\/?s={search_term_string}\"},\"query-input\":{\"@type\":\"PropertyValueSpecification\",\"valueRequired\":true,\"valueName\":\"search_term_string\"}}],\"inLanguage\":\"en-US\"}]}<\/script>\n<!-- \/ Yoast SEO plugin. -->","yoast_head_json":{"title":"Infraorbital Fistula - IVeM Valencia","description":"Consiste en una abertura anormal en el \u00e1rea debajo de la \u00f3rbita del ojo, a trav\u00e9s de la cual puede salir pus u otros l\u00edquidos.","robots":{"index":"index","follow":"follow","max-snippet":"max-snippet:-1","max-image-preview":"max-image-preview:large","max-video-preview":"max-video-preview:-1"},"canonical":"https:\/\/institutoveterinariomediterraneo.com\/en\/infraorbital-fistula\/","og_locale":"en_US","og_type":"article","og_title":"Infraorbital Fistula - IVeM Valencia","og_description":"Consiste en una abertura anormal en el \u00e1rea debajo de la \u00f3rbita del ojo, a trav\u00e9s de la cual puede salir pus u otros l\u00edquidos.","og_url":"https:\/\/institutoveterinariomediterraneo.com\/en\/infraorbital-fistula\/","og_site_name":"IVeM Valencia","article_modified_time":"2024-10-22T12:10:10+00:00","twitter_card":"summary_large_image","twitter_misc":{"Est. reading time":"2 minutes"},"schema":{"@context":"https:\/\/schema.org","@graph":[{"@type":"WebPage","@id":"https:\/\/institutoveterinariomediterraneo.com\/en\/infraorbital-fistula\/","url":"https:\/\/institutoveterinariomediterraneo.com\/en\/infraorbital-fistula\/","name":"Infraorbital Fistula - IVeM Valencia","isPartOf":{"@id":"https:\/\/institutoveterinariomediterraneo.com\/#website"},"datePublished":"2023-05-17T12:28:43+00:00","dateModified":"2024-10-22T12:10:10+00:00","description":"Consiste en una abertura anormal en el \u00e1rea debajo de la \u00f3rbita del ojo, a trav\u00e9s de la cual puede salir pus u otros l\u00edquidos.","inLanguage":"en-US","potentialAction":[{"@type":"ReadAction","target":["https:\/\/institutoveterinariomediterraneo.com\/en\/infraorbital-fistula\/"]}]},{"@type":"WebSite","@id":"https:\/\/institutoveterinariomediterraneo.com\/#website","url":"https:\/\/institutoveterinariomediterraneo.com\/","name":"IVeM Valencia","description":"Cl\u00ednica especializada en odontolog\u00eda y oftalmolog\u00eda canina y felina","potentialAction":[{"@type":"SearchAction","target":{"@type":"EntryPoint","urlTemplate":"https:\/\/institutoveterinariomediterraneo.com\/?s={search_term_string}"},"query-input":{"@type":"PropertyValueSpecification","valueRequired":true,"valueName":"search_term_string"}}],"inLanguage":"en-US"}]}},"_links":{"self":[{"href":"https:\/\/institutoveterinariomediterraneo.com\/en\/wp-json\/wp\/v2\/pages\/1339","targetHints":{"allow":["GET"]}}],"collection":[{"href":"https:\/\/institutoveterinariomediterraneo.com\/en\/wp-json\/wp\/v2\/pages"}],"about":[{"href":"https:\/\/institutoveterinariomediterraneo.com\/en\/wp-json\/wp\/v2\/types\/page"}],"author":[{"embeddable":true,"href":"https:\/\/institutoveterinariomediterraneo.com\/en\/wp-json\/wp\/v2\/users\/1"}],"replies":[{"embeddable":true,"href":"https:\/\/institutoveterinariomediterraneo.com\/en\/wp-json\/wp\/v2\/comments?post=1339"}],"version-history":[{"count":1,"href":"https:\/\/institutoveterinariomediterraneo.com\/en\/wp-json\/wp\/v2\/pages\/1339\/revisions"}],"predecessor-version":[{"id":1504,"href":"https:\/\/institutoveterinariomediterraneo.com\/en\/wp-json\/wp\/v2\/pages\/1339\/revisions\/1504"}],"wp:attachment":[{"href":"https:\/\/institutoveterinariomediterraneo.com\/en\/wp-json\/wp\/v2\/media?parent=1339"}],"curies":[{"name":"wp","href":"https:\/\/api.w.org\/{rel}","templated":true}]}}