{"id":1302,"date":"2023-05-17T12:59:18","date_gmt":"2023-05-17T12:59:18","guid":{"rendered":"https:\/\/institutoveterinariomediterraneo.com\/cirugia-de-iris\/"},"modified":"2025-02-26T14:34:47","modified_gmt":"2025-02-26T14:34:47","slug":"iris-surgery","status":"publish","type":"page","link":"https:\/\/institutoveterinariomediterraneo.com\/en\/iris-surgery\/","title":{"rendered":"Iris Surgery"},"content":{"rendered":"","protected":false},"excerpt":{"rendered":"","protected":false},"author":1,"featured_media":0,"parent":0,"menu_order":0,"comment_status":"closed","ping_status":"closed","template":"","meta":{"_acf_changed":false,"footnotes":""},"class_list":["post-1302","page","type-page","status-publish","hentry"],"acf":[],"yoast_head":"<!-- This site is optimized with the Yoast SEO plugin v26.8 - https:\/\/yoast.com\/product\/yoast-seo-wordpress\/ -->\n<title>Iris Surgery - IVeM Valencia<\/title>\n<meta name=\"description\" content=\"Procedimientos quir\u00fargicos realizados en el iris del ojo de los animales, realizados por un veterinario especializado en oftalmolog\u00eda.\" \/>\n<meta name=\"robots\" content=\"index, follow, max-snippet:-1, max-image-preview:large, max-video-preview:-1\" \/>\n<link rel=\"canonical\" href=\"https:\/\/institutoveterinariomediterraneo.com\/en\/iris-surgery\/\" \/>\n<meta property=\"og:locale\" content=\"en_US\" \/>\n<meta property=\"og:type\" content=\"article\" \/>\n<meta property=\"og:title\" content=\"Iris Surgery - IVeM Valencia\" \/>\n<meta property=\"og:description\" content=\"Procedimientos quir\u00fargicos realizados en el iris del ojo de los animales, realizados por un veterinario especializado en oftalmolog\u00eda.\" \/>\n<meta property=\"og:url\" content=\"https:\/\/institutoveterinariomediterraneo.com\/en\/iris-surgery\/\" \/>\n<meta property=\"og:site_name\" content=\"IVeM Valencia\" \/>\n<meta property=\"article:modified_time\" content=\"2025-02-26T14:34:47+00:00\" \/>\n<meta name=\"twitter:card\" content=\"summary_large_image\" \/>\n<meta name=\"twitter:label1\" content=\"Est. reading time\" \/>\n\t<meta name=\"twitter:data1\" content=\"2 minutes\" \/>\n<script type=\"application\/ld+json\" class=\"yoast-schema-graph\">{\"@context\":\"https:\/\/schema.org\",\"@graph\":[{\"@type\":\"WebPage\",\"@id\":\"https:\/\/institutoveterinariomediterraneo.com\/en\/iris-surgery\/\",\"url\":\"https:\/\/institutoveterinariomediterraneo.com\/en\/iris-surgery\/\",\"name\":\"Iris Surgery - IVeM Valencia\",\"isPartOf\":{\"@id\":\"https:\/\/institutoveterinariomediterraneo.com\/#website\"},\"datePublished\":\"2023-05-17T12:59:18+00:00\",\"dateModified\":\"2025-02-26T14:34:47+00:00\",\"description\":\"Procedimientos quir\u00fargicos realizados en el iris del ojo de los animales, realizados por un veterinario especializado en oftalmolog\u00eda.\",\"inLanguage\":\"en-US\",\"potentialAction\":[{\"@type\":\"ReadAction\",\"target\":[\"https:\/\/institutoveterinariomediterraneo.com\/en\/iris-surgery\/\"]}]},{\"@type\":\"WebSite\",\"@id\":\"https:\/\/institutoveterinariomediterraneo.com\/#website\",\"url\":\"https:\/\/institutoveterinariomediterraneo.com\/\",\"name\":\"IVeM Valencia\",\"description\":\"Cl\u00ednica especializada en odontolog\u00eda y oftalmolog\u00eda canina y felina\",\"potentialAction\":[{\"@type\":\"SearchAction\",\"target\":{\"@type\":\"EntryPoint\",\"urlTemplate\":\"https:\/\/institutoveterinariomediterraneo.com\/?s={search_term_string}\"},\"query-input\":{\"@type\":\"PropertyValueSpecification\",\"valueRequired\":true,\"valueName\":\"search_term_string\"}}],\"inLanguage\":\"en-US\"}]}<\/script>\n<!-- \/ Yoast SEO plugin. -->","yoast_head_json":{"title":"Iris Surgery - IVeM Valencia","description":"Procedimientos quir\u00fargicos realizados en el iris del ojo de los animales, realizados por un veterinario especializado en oftalmolog\u00eda.","robots":{"index":"index","follow":"follow","max-snippet":"max-snippet:-1","max-image-preview":"max-image-preview:large","max-video-preview":"max-video-preview:-1"},"canonical":"https:\/\/institutoveterinariomediterraneo.com\/en\/iris-surgery\/","og_locale":"en_US","og_type":"article","og_title":"Iris Surgery - IVeM Valencia","og_description":"Procedimientos quir\u00fargicos realizados en el iris del ojo de los animales, realizados por un veterinario especializado en oftalmolog\u00eda.","og_url":"https:\/\/institutoveterinariomediterraneo.com\/en\/iris-surgery\/","og_site_name":"IVeM Valencia","article_modified_time":"2025-02-26T14:34:47+00:00","twitter_card":"summary_large_image","twitter_misc":{"Est. reading time":"2 minutes"},"schema":{"@context":"https:\/\/schema.org","@graph":[{"@type":"WebPage","@id":"https:\/\/institutoveterinariomediterraneo.com\/en\/iris-surgery\/","url":"https:\/\/institutoveterinariomediterraneo.com\/en\/iris-surgery\/","name":"Iris Surgery - IVeM Valencia","isPartOf":{"@id":"https:\/\/institutoveterinariomediterraneo.com\/#website"},"datePublished":"2023-05-17T12:59:18+00:00","dateModified":"2025-02-26T14:34:47+00:00","description":"Procedimientos quir\u00fargicos realizados en el iris del ojo de los animales, realizados por un veterinario especializado en oftalmolog\u00eda.","inLanguage":"en-US","potentialAction":[{"@type":"ReadAction","target":["https:\/\/institutoveterinariomediterraneo.com\/en\/iris-surgery\/"]}]},{"@type":"WebSite","@id":"https:\/\/institutoveterinariomediterraneo.com\/#website","url":"https:\/\/institutoveterinariomediterraneo.com\/","name":"IVeM Valencia","description":"Cl\u00ednica especializada en odontolog\u00eda y oftalmolog\u00eda canina y felina","potentialAction":[{"@type":"SearchAction","target":{"@type":"EntryPoint","urlTemplate":"https:\/\/institutoveterinariomediterraneo.com\/?s={search_term_string}"},"query-input":{"@type":"PropertyValueSpecification","valueRequired":true,"valueName":"search_term_string"}}],"inLanguage":"en-US"}]}},"_links":{"self":[{"href":"https:\/\/institutoveterinariomediterraneo.com\/en\/wp-json\/wp\/v2\/pages\/1302","targetHints":{"allow":["GET"]}}],"collection":[{"href":"https:\/\/institutoveterinariomediterraneo.com\/en\/wp-json\/wp\/v2\/pages"}],"about":[{"href":"https:\/\/institutoveterinariomediterraneo.com\/en\/wp-json\/wp\/v2\/types\/page"}],"author":[{"embeddable":true,"href":"https:\/\/institutoveterinariomediterraneo.com\/en\/wp-json\/wp\/v2\/users\/1"}],"replies":[{"embeddable":true,"href":"https:\/\/institutoveterinariomediterraneo.com\/en\/wp-json\/wp\/v2\/comments?post=1302"}],"version-history":[{"count":3,"href":"https:\/\/institutoveterinariomediterraneo.com\/en\/wp-json\/wp\/v2\/pages\/1302\/revisions"}],"predecessor-version":[{"id":1698,"href":"https:\/\/institutoveterinariomediterraneo.com\/en\/wp-json\/wp\/v2\/pages\/1302\/revisions\/1698"}],"wp:attachment":[{"href":"https:\/\/institutoveterinariomediterraneo.com\/en\/wp-json\/wp\/v2\/media?parent=1302"}],"curies":[{"name":"wp","href":"https:\/\/api.w.org\/{rel}","templated":true}]}}